{"id":32,"date":"2024-11-19T16:36:16","date_gmt":"2024-11-19T16:36:16","guid":{"rendered":"https:\/\/excellanta.com\/?page_id=32"},"modified":"2025-12-18T10:31:58","modified_gmt":"2025-12-18T10:31:58","slug":"terms-of-use","status":"publish","type":"page","link":"https:\/\/excellanta.com\/it\/terms-of-use\/","title":{"rendered":"Condizioni di utilizzo"},"content":{"rendered":"<p>Le presenti condizioni d'uso (\"Condizioni\") costituiscono un accordo legale vincolante tra l'utente e <strong>Klavix Global Ltd<\/strong> (&#8220;<strong>Klavix globale<\/strong>\"), indirizzo registrato: 2nd Floor College House, 17 King Edwards Road, Ruislip, Londra, Regno Unito, HA4 7AE, numero di registrazione: 16282972, che gestisce il marchio Excellanta, che regola l'accesso e l'uso del sito web e dei suoi contenuti (\"Contenuti\") disponibili su excellanta.com (il \"Sito\").<\/p>\n\n\n\n<p>Si prega di leggere attentamente i Termini. Accedendo, navigando o utilizzando questo sito, l'utente conferma di aver letto, compreso e accettato integralmente i presenti Termini e si impegna a rispettare tutte le leggi e i regolamenti applicabili. Si prega di astenersi dall'utilizzare il sito se non si accettano questi termini.<\/p>\n\n\n\n<p>Questo sito pu\u00f2 includere avvisi di propriet\u00e0 e informazioni sul copyright che devono essere rispettati. Il contenuto del sito pu\u00f2 contenere errori tecnici o tipografici. <strong>Klavix Global Ltd<\/strong> si riserva il diritto di modificare, aggiornare o rimuovere parti delle presenti Condizioni senza preavviso. L'utente \u00e8 tenuto a consultare la versione pi\u00f9 recente delle presenti Condizioni. L'uso continuato del sito implica l'accettazione di qualsiasi modifica apportata.<\/p>\n\n\n\n<h2 class=\"wp-block-heading\"><strong>Accesso e utilizzo del sito; restrizioni<\/strong><\/h2>\n\n\n\n<p>A condizione che l'utente aderisca a questi Termini, Klavix Global Ltd concede all'utente un permesso limitato, non esclusivo, non trasferibile, non sublicenziabile e revocabile di accedere e utilizzare il sito esclusivamente per scopi personali, non commerciali e leciti. Questa autorizzazione richiede che tutti gli avvisi di copyright, marchio e propriet\u00e0 intellettuale presenti sul sito rimangano intatti. Klavix Global Ltd non autorizza alcuna affermazione, implicazione o suggerimento che la societ\u00e0 approvi le opinioni, i prodotti o i servizi di terzi. Tutti gli altri diritti sono espressamente riservati.<\/p>\n\n\n\n<p>L'utilizzo del sito e delle sue funzioni deve essere conforme a tutte le leggi, le norme e i regolamenti pertinenti. L'utente accetta di non&nbsp;<\/p>\n\n\n\n<p>(i) archiviare, scaricare, riprodurre, distribuire, modificare, visualizzare, pubblicare o creare opere derivate dal contenuto del sito;&nbsp;<\/p>\n\n\n\n<p>(ii) rimuovere o alterare gli avvisi di copyright o di propriet\u00e0;&nbsp;<\/p>\n\n\n\n<p>(iii) aggirare o interferire con le funzioni o le protezioni di sicurezza del sito;&nbsp;<\/p>\n\n\n\n<p>(iv) utilizzare mezzi automatizzati come robot o scrapers per accedere al sito;&nbsp;<\/p>\n\n\n\n<p>(v) decodificare o disassemblare il software relativo al sito;&nbsp;<\/p>\n\n\n\n<p>(vi) inserire codice o manipolare il sito;&nbsp;<\/p>\n\n\n\n<p>(vii) utilizzare metodi di data mining o di estrazione dei dati;&nbsp;<\/p>\n\n\n\n<p>(viii) trasmettere materiale dannoso o di disturbo, compresi virus o codici dannosi;&nbsp;<\/p>\n\n\n\n<p>(ix) bloccare o alterare la pubblicit\u00e0 del sito; oppure&nbsp;<\/p>\n\n\n\n<p>(x) utilizzare il sito per attivit\u00e0 illegali o in violazione di qualsiasi legge applicabile, comprese le norme sulla propriet\u00e0 intellettuale o sulla protezione dei dati.<\/p>\n\n\n\n<p>Klavix Global Ltd si riserva il diritto di modificare, sospendere o terminare l'accesso al sito in qualsiasi momento, per qualsiasi motivo, senza preavviso. La disponibilit\u00e0 del sito pu\u00f2 essere influenzata da manutenzione, problemi tecnici o altre interruzioni e Klavix Global Ltd non \u00e8 responsabile per qualsiasi impatto risultante sui vostri sistemi, dati o operazioni.<\/p>\n\n\n\n<h2 class=\"wp-block-heading\"><strong>Collegamento ipertestuale<\/strong><\/h2>\n\n\n\n<p>Klavix Global Ltd non rilascia alcuna dichiarazione o garanzia riguardo a qualsiasi sito web esterno a cui si possa accedere attraverso questo sito. L'accesso a un sito web non Klavix Global Ltd \u00e8 a proprio rischio e pericolo e l'utente deve comprendere che tali siti web operano in modo indipendente da Klavix Global Ltd, che non ha alcun controllo sul loro contenuto, anche se Klavix Global Ltd ha un rapporto di collaborazione con il proprietario del sito. I collegamenti a siti web esterni non significano che Klavix Global Ltd approvi o accetti qualsiasi responsabilit\u00e0 per il contenuto o l'uso di tali siti. Klavix Global Ltd declina ogni responsabilit\u00e0 per il contenuto di questi siti esterni o per i potenziali danni. L'utente \u00e8 responsabile di prendere le precauzioni necessarie per garantire che qualsiasi materiale con cui interagisce sia privo di elementi dannosi come virus, worm, cavalli di Troia o altri software distruttivi.<\/p>\n\n\n\n<h2 class=\"wp-block-heading\"><strong>Diritti d'autore e utilizzo dei contenuti del sito<\/strong><\/h2>\n\n\n\n<p>I diritti d'autore per tutti i materiali, le caratteristiche e le funzionalit\u00e0 presenti in questo Sito, compresi, a titolo esemplificativo, testi, grafici, video, registrazioni audio, software, algoritmi, opere d'arte, interfacce, fotografie, loghi, icone e immagini, nonch\u00e9 la loro selezione, disposizione e qualsiasi opera derivata (collettivamente, \"Contenuti\"), appartengono esclusivamente a Klavix Global Ltd o ai suoi licenziatari.<\/p>\n\n\n\n<p>Il presente Contenuto \u00e8 protetto dal diritto d'autore europeo e dalle leggi internazionali sulla propriet\u00e0 intellettuale. Non \u00e8 consentito copiare, riprodurre, distribuire, ripubblicare, scaricare, visualizzare, inviare o trasmettere alcun Contenuto in qualsiasi formato o con qualsiasi metodo, compreso quello elettronico, meccanico, di fotocopiatura o di registrazione, senza il previo consenso scritto di Klavix Global Ltd o del titolare del copyright. L'uso di \"mirroring\" o \"framing\" di qualsiasi Contenuto o del Sito stesso, in tutto o in parte, \u00e8 severamente proibito senza l'esplicito permesso di Klavix Global Ltd. L'uso non autorizzato del Contenuto pu\u00f2 violare le leggi sul copyright, sui marchi, sulla privacy, sulla pubblicit\u00e0 e altre norme applicabili. Tutti i diritti non esplicitamente concessi sono riservati. L'utente \u00e8 l'unico responsabile di garantire che qualsiasi Contenuto o dato recuperato dal Sito sia privo di virus o altri codici dannosi progettati per compromettere i sistemi, il software, i dati o le operazioni dell'utente.<\/p>\n\n\n\n<h2 class=\"wp-block-heading\"><strong>Marchi di fabbrica<\/strong><\/h2>\n\n\n\n<p>I marchi di fabbrica, i marchi di servizio, i loghi e i nomi commerciali (collettivamente, i \"Marchi\") visualizzati sul Sito, incluso ma non limitato a Klavix Global\u00ae, sono marchi registrati e non registrati di propriet\u00e0 di Klavix Global Ltd.. Altri marchi, marchi di servizio, loghi e nomi commerciali presenti sul Sito possono appartenere a terzi. Nulla di quanto contenuto nel Sito deve essere interpretato come concessione, per implicazione, preclusione o altro, di qualsiasi licenza o diritto all'uso di qualsiasi Marchio visualizzato sul Sito senza l'espresso consenso scritto di Klavix Global Ltd o del rispettivo proprietario terzo. Klavix Global Ltd applica rigorosamente i propri diritti di propriet\u00e0 intellettuale nella misura massima consentita dalla legge. L'uso di qualsiasi marchio, anche in materiali pubblicitari o promozionali relativi al Contenuto del Sito, \u00e8 severamente proibito senza la preventiva autorizzazione di Klavix Global Ltd. Inoltre, non \u00e8 consentito fare riferimento o attribuire qualsiasi Contenuto o informazione a Klavix Global Ltd o ai suoi licenziatari in qualsiasi mezzo pubblico per scopi pubblicitari o promozionali o per influenzare terze parti senza un adeguato consenso. L'uso del nome Klavix Global\u00ae o di qualsiasi altro marchio commerciale come parte di un link a o da qualsiasi sito web \u00e8 altres\u00ec proibito senza la previa approvazione scritta di Klavix Global Ltd.<\/p>\n\n\n\n<h2 class=\"wp-block-heading\"><strong>Nessun servizio, approvazione o consulenza professionale<\/strong><\/h2>\n\n\n\n<p>Potrebbero verificarsi ritardi, omissioni o imprecisioni nelle informazioni ottenute attraverso l'uso del Sito. Il contenuto fornito sul Sito \u00e8 offerto con l'intesa che la fornitura di tali dati da parte di Klavix Global Ltd non costituisce la prestazione di servizi o consigli di consulenza, legali, contabili, fiscali, professionali o di altro tipo. Le informazioni contenute nel Sito non devono essere utilizzate per prendere decisioni commerciali, finanziarie o altre decisioni importanti e non devono sostituire la consultazione di consulenti professionali qualificati. Inoltre, Klavix Global Ltd non approva o garantisce l'accuratezza, l'affidabilit\u00e0 o la completezza di qualsiasi consiglio, opinione, dichiarazione o altra informazione presentata, pubblicata o distribuita tramite il Sito da Klavix Global Ltd, utenti, fornitori di contenuti o qualsiasi altra entit\u00e0. L'utente riconosce e accetta che l'affidamento su tali opinioni, consigli, dichiarazioni o informazioni \u00e8 a sua discrezione e rischio. Inoltre, Klavix Global Ltd non concede alcun permesso o autorizzazione per l'uso del Sito in modo da implicare l'approvazione o la promozione di cause, idee, campagne politiche, punti di vista, siti web, prodotti o servizi di terzi.<\/p>\n\n\n\n<h2 class=\"wp-block-heading\"><strong>Esclusione di garanzia<\/strong><\/h2>\n\n\n\n<p>Il sito, compresi tutti i contenuti disponibili, \u00e8 fornito \"cos\u00ec com'\u00e8\" e \"come disponibile\" senza alcuna garanzia. Nella misura massima consentita dalla legge applicabile, Klavix Global Ltd declina tutte le garanzie, siano esse espresse, implicite, legali o di altro tipo, incluse, ma non limitate a, garanzie di commerciabilit\u00e0, idoneit\u00e0 per uno scopo particolare, titolo e non violazione. In particolare, e senza limitazioni, Klavix Global Ltd non rilascia alcuna dichiarazione o garanzia che:<\/p>\n\n\n\n<p>(1) le informazioni contenute nel sito sono accurate, complete o affidabili;&nbsp;<\/p>\n\n\n\n<p>(2) il sito sar\u00e0 ininterrotto o privo di errori; oppure&nbsp;<\/p>\n\n\n\n<p>(3) che eventuali difetti verranno corretti o che il sito o il server che lo ospita siano privi di virus o altri componenti dannosi. L'utente riconosce che l'uso del sito \u00e8 a suo esclusivo rischio.<\/p>\n\n\n\n<h2 class=\"wp-block-heading\"><strong>Limitazione di responsabilit\u00e0<\/strong><\/h2>\n\n\n\n<p>In nessun caso Klavix Global Ltd o i suoi affiliati, funzionari, direttori, dipendenti, agenti, rappresentanti o partner saranno responsabili per qualsiasi danno, compresi i danni diretti, incidentali, punitivi, speciali, consequenziali o esemplari derivanti da o correlati all'uso, o all'impossibilit\u00e0 di usare, il sito, o le informazioni, i contenuti, il software, i prodotti o i servizi pubblicizzati o contenuti nel sito, o altrimenti ottenuti attraverso l'uso del sito. Ci\u00f2 include, senza limitazioni, danni per virus o altri componenti dannosi presumibilmente ricevuti dal sito, sia basati su contratto, torto (inclusa la negligenza), responsabilit\u00e0 oggettiva o altro, anche se Klavix Global Ltd \u00e8 stata avvisata della possibilit\u00e0 di tali danni.<\/p>\n\n\n\n<p>Questa limitazione si applica a qualsiasi danno o lesione derivante da mancate prestazioni, errori, omissioni, interruzioni, cancellazioni, difetti, ritardi nel funzionamento o nella trasmissione, virus, corruzione di file, guasti di comunicazione, interruzioni di rete o di sistema, furto, distruzione, accesso non autorizzato, alterazione o utilizzo di qualsiasi dato o registrazione.<\/p>\n\n\n\n<p>In nessun caso la responsabilit\u00e0 totale di Klavix Global Ltd nei confronti dell'utente superer\u00e0 l'importo pagato per l'accesso o l'utilizzo del sito o 100 euro, a seconda di quale sia il valore pi\u00f9 basso. Alcune giurisdizioni potrebbero non consentire l'esclusione o la limitazione di responsabilit\u00e0 per danni incidentali o consequenziali, pertanto questa limitazione potrebbe non essere applicabile a tutti gli utenti.<\/p>\n\n\n\n<h2 class=\"wp-block-heading\"><strong>Indennizzo<\/strong><\/h2>\n\n\n\n<p>L'utente accetta di indennizzare, difendere e tenere indenne Klavix Global Ltd e le sue affiliate, i suoi funzionari, direttori, dipendenti, agenti, rappresentanti e partner (collettivamente, le \"Parti indennizzate\") da qualsiasi reclamo, danno, perdita, responsabilit\u00e0 e costo, comprese le ragionevoli spese legali, derivanti da o correlati a<\/p>\n\n\n\n<p>(i) il vostro accesso o utilizzo del sito, o&nbsp;<\/p>\n\n\n\n<p>(ii) la violazione da parte dell'utente dei presenti Termini, o di qualsiasi garanzia, dichiarazione o obbligo che l'utente ha assunto accettandoli.<\/p>\n\n\n\n<p>L'utente accetta di cooperare pienamente nella difesa di qualsiasi reclamo di questo tipo. Klavix Global Ltd si riserva il diritto di assumere la difesa esclusiva e il controllo di qualsiasi questione soggetta a indennizzo a proprie spese.<\/p>\n\n\n\n<h2 class=\"wp-block-heading\"><strong><strong>Applicazione delle Condizioni d'uso<\/strong><\/strong><\/h2>\n\n\n\n<p>I presenti Termini sono disciplinati e interpretati dalle leggi del Regno Unito, senza tener conto dei principi di conflitto di leggi. L'utente accetta che la giurisdizione esclusiva per qualsiasi controversia o reclamo relativo ai presenti Termini risieda nei tribunali del Regno Unito. Inoltre, l'utente acconsente all'esercizio della giurisdizione personale nel Regno Unito per qualsiasi questione relativa a Klavix Global Ltd. Se una qualsiasi disposizione di questi Termini \u00e8 ritenuta illegale, nulla o inapplicabile, sar\u00e0 considerata separabile e non pregiudicher\u00e0 la validit\u00e0 o l'applicabilit\u00e0 delle restanti disposizioni.<\/p>\n\n\n\n<h2 class=\"wp-block-heading\"><strong>Avvisi di violazione e rimozione<\/strong><\/h2>\n\n\n\n<p>Klavix Global Ltd proibisce la pubblicazione di qualsiasi materiale che infranga o violi i diritti d'autore o altri diritti di propriet\u00e0 intellettuale di qualsiasi individuo o entit\u00e0, compresi i diritti di privacy e pubblicit\u00e0. Se si ritiene che un qualsiasi contenuto del Sito violi i propri diritti di propriet\u00e0 intellettuale, si prega di notificare a Klavix Global Ltd il proprio reclamo seguendo la procedura descritta di seguito. Klavix Global Ltd esaminer\u00e0 ed elaborer\u00e0 le notifiche di presunta violazione e prender\u00e0 le misure appropriate come richiesto dalle leggi e dai regolamenti sul copyright.<\/p>\n\n\n\n<h2 class=\"wp-block-heading\"><strong>Accordo completo<\/strong><\/h2>\n\n\n\n<p>Le presenti Condizioni d'uso rappresentano l'accordo completo ed esclusivo tra l'utente e Klavix Global Ltd in merito all'argomento qui delineato, sostituendo e superando tutti gli accordi precedenti o concorrenti, sia scritti che orali. Qualsiasi rinuncia a qualsiasi disposizione di questi Termini sar\u00e0 efficace solo se fatta per iscritto e firmata da Klavix Global Ltd. La mancata applicazione di una qualsiasi disposizione dei presenti Termini non comporta la rinuncia al diritto di applicare tale disposizione o qualsiasi altra disposizione in futuro.<\/p>\n\n\n\n<h2 class=\"wp-block-heading\"><strong>Contatto<\/strong><\/h2>\n\n\n\n<p>In caso di domande o dubbi sulle condizioni d'uso del nostro sito web, non esitate a contattarci tramite i seguenti recapiti:<\/p>\n\n\n\n<ul class=\"wp-block-list\">\n<li><strong>Email<\/strong>: <a href=\"mailto:info@excellanta.com\">info@excellanta.com<\/a><\/li>\n\n\n\n<li><strong>Telefono<\/strong>: <a href=\"tel:+447414148856\">+447414148856<\/a><\/li>\n\n\n\n<li><strong>Sito web<\/strong>: <a href=\"https:\/\/excellanta.com\/it\/\">excellanta.com<\/a><\/li>\n<\/ul>\n\n\n\n<h4 class=\"wp-block-heading\">Siamo felici di assistervi!<\/h4>","protected":false},"excerpt":{"rendered":"<p>These terms of use&nbsp; (&#8220;Terms&#8221;) constitute a binding legal agreement between you and Klavix Global Ltd (&#8220;Klavix Global&#8220;), registered address: 2nd Floor College House, 17 King Edwards Road, Ruislip, London, United Kingdom, HA4 7AE, registered number: 16282972, which operates the brand Excellanta, governing your access to and use of the website and its content (&#8220;Content&#8221;) [&hellip;]<\/p>","protected":false},"author":1,"featured_media":0,"parent":0,"menu_order":0,"comment_status":"closed","ping_status":"closed","template":"templates-pages\/policy-template.php","meta":{"footnotes":""},"class_list":["post-32","page","type-page","status-publish","hentry"],"yoast_head":"<!-- This site is optimized with the Yoast SEO plugin v23.9 - https:\/\/yoast.com\/wordpress\/plugins\/seo\/ -->\n<title>Terms of Use - Excellanta<\/title>\n<meta name=\"robots\" content=\"index, follow, max-snippet:-1, max-image-preview:large, max-video-preview:-1\" \/>\n<link rel=\"canonical\" href=\"https:\/\/excellanta.com\/it\/terms-of-use\/\" \/>\n<meta property=\"og:locale\" content=\"it_IT\" \/>\n<meta property=\"og:type\" content=\"article\" \/>\n<meta property=\"og:title\" content=\"Terms of Use - Excellanta\" \/>\n<meta property=\"og:description\" content=\"These terms of use&nbsp; (&#8220;Terms&#8221;) constitute a binding legal agreement between you and Klavix Global Ltd (&#8220;Klavix Global&#8220;), registered address: 2nd Floor College House, 17 King Edwards Road, Ruislip, London, United Kingdom, HA4 7AE, registered number: 16282972, which operates the brand Excellanta, governing your access to and use of the website and its content (&#8220;Content&#8221;) [&hellip;]\" \/>\n<meta property=\"og:url\" content=\"https:\/\/excellanta.com\/it\/terms-of-use\/\" \/>\n<meta property=\"og:site_name\" content=\"Excellanta\" \/>\n<meta property=\"article:modified_time\" content=\"2025-12-18T10:31:58+00:00\" \/>\n<meta name=\"twitter:card\" content=\"summary_large_image\" \/>\n<meta name=\"twitter:label1\" content=\"Tempo di lettura stimato\" \/>\n\t<meta name=\"twitter:data1\" content=\"9 minuti\" \/>\n<script type=\"application\/ld+json\" class=\"yoast-schema-graph\">{\"@context\":\"https:\/\/schema.org\",\"@graph\":[{\"@type\":\"WebPage\",\"@id\":\"https:\/\/excellanta.com\/terms-of-use\/\",\"url\":\"https:\/\/excellanta.com\/terms-of-use\/\",\"name\":\"Terms of Use - Excellanta\",\"isPartOf\":{\"@id\":\"https:\/\/excellanta.com\/#website\"},\"datePublished\":\"2024-11-19T16:36:16+00:00\",\"dateModified\":\"2025-12-18T10:31:58+00:00\",\"breadcrumb\":{\"@id\":\"https:\/\/excellanta.com\/terms-of-use\/#breadcrumb\"},\"inLanguage\":\"it-IT\",\"potentialAction\":[{\"@type\":\"ReadAction\",\"target\":[\"https:\/\/excellanta.com\/terms-of-use\/\"]}]},{\"@type\":\"BreadcrumbList\",\"@id\":\"https:\/\/excellanta.com\/terms-of-use\/#breadcrumb\",\"itemListElement\":[{\"@type\":\"ListItem\",\"position\":1,\"name\":\"Home\",\"item\":\"https:\/\/excellanta.com\/\"},{\"@type\":\"ListItem\",\"position\":2,\"name\":\"Terms of Use\"}]},{\"@type\":\"WebSite\",\"@id\":\"https:\/\/excellanta.com\/#website\",\"url\":\"https:\/\/excellanta.com\/\",\"name\":\"Excellanta\",\"description\":\"\",\"publisher\":{\"@id\":\"https:\/\/excellanta.com\/#organization\"},\"potentialAction\":[{\"@type\":\"SearchAction\",\"target\":{\"@type\":\"EntryPoint\",\"urlTemplate\":\"https:\/\/excellanta.com\/?s={search_term_string}\"},\"query-input\":{\"@type\":\"PropertyValueSpecification\",\"valueRequired\":true,\"valueName\":\"search_term_string\"}}],\"inLanguage\":\"it-IT\"},{\"@type\":\"Organization\",\"@id\":\"https:\/\/excellanta.com\/#organization\",\"name\":\"Excellanta\",\"url\":\"https:\/\/excellanta.com\/\",\"logo\":{\"@type\":\"ImageObject\",\"inLanguage\":\"it-IT\",\"@id\":\"https:\/\/excellanta.com\/#\/schema\/logo\/image\/\",\"url\":\"https:\/\/excellanta.com\/wp-content\/uploads\/2024\/11\/Logo-excellanta-black.svg\",\"contentUrl\":\"https:\/\/excellanta.com\/wp-content\/uploads\/2024\/11\/Logo-excellanta-black.svg\",\"caption\":\"Excellanta\"},\"image\":{\"@id\":\"https:\/\/excellanta.com\/#\/schema\/logo\/image\/\"}}]}<\/script>\n<!-- \/ Yoast SEO plugin. -->","yoast_head_json":{"title":"Terms of Use - Excellanta","robots":{"index":"index","follow":"follow","max-snippet":"max-snippet:-1","max-image-preview":"max-image-preview:large","max-video-preview":"max-video-preview:-1"},"canonical":"https:\/\/excellanta.com\/it\/terms-of-use\/","og_locale":"it_IT","og_type":"article","og_title":"Terms of Use - Excellanta","og_description":"These terms of use&nbsp; (&#8220;Terms&#8221;) constitute a binding legal agreement between you and Klavix Global Ltd (&#8220;Klavix Global&#8220;), registered address: 2nd Floor College House, 17 King Edwards Road, Ruislip, London, United Kingdom, HA4 7AE, registered number: 16282972, which operates the brand Excellanta, governing your access to and use of the website and its content (&#8220;Content&#8221;) [&hellip;]","og_url":"https:\/\/excellanta.com\/it\/terms-of-use\/","og_site_name":"Excellanta","article_modified_time":"2025-12-18T10:31:58+00:00","twitter_card":"summary_large_image","twitter_misc":{"Tempo di lettura stimato":"9 minuti"},"schema":{"@context":"https:\/\/schema.org","@graph":[{"@type":"WebPage","@id":"https:\/\/excellanta.com\/terms-of-use\/","url":"https:\/\/excellanta.com\/terms-of-use\/","name":"Terms of Use - Excellanta","isPartOf":{"@id":"https:\/\/excellanta.com\/#website"},"datePublished":"2024-11-19T16:36:16+00:00","dateModified":"2025-12-18T10:31:58+00:00","breadcrumb":{"@id":"https:\/\/excellanta.com\/terms-of-use\/#breadcrumb"},"inLanguage":"it-IT","potentialAction":[{"@type":"ReadAction","target":["https:\/\/excellanta.com\/terms-of-use\/"]}]},{"@type":"BreadcrumbList","@id":"https:\/\/excellanta.com\/terms-of-use\/#breadcrumb","itemListElement":[{"@type":"ListItem","position":1,"name":"Home","item":"https:\/\/excellanta.com\/"},{"@type":"ListItem","position":2,"name":"Terms of Use"}]},{"@type":"WebSite","@id":"https:\/\/excellanta.com\/#website","url":"https:\/\/excellanta.com\/","name":"Excellanta","description":"","publisher":{"@id":"https:\/\/excellanta.com\/#organization"},"potentialAction":[{"@type":"SearchAction","target":{"@type":"EntryPoint","urlTemplate":"https:\/\/excellanta.com\/?s={search_term_string}"},"query-input":{"@type":"PropertyValueSpecification","valueRequired":true,"valueName":"search_term_string"}}],"inLanguage":"it-IT"},{"@type":"Organization","@id":"https:\/\/excellanta.com\/#organization","name":"Excellanta","url":"https:\/\/excellanta.com\/","logo":{"@type":"ImageObject","inLanguage":"it-IT","@id":"https:\/\/excellanta.com\/#\/schema\/logo\/image\/","url":"https:\/\/excellanta.com\/wp-content\/uploads\/2024\/11\/Logo-excellanta-black.svg","contentUrl":"https:\/\/excellanta.com\/wp-content\/uploads\/2024\/11\/Logo-excellanta-black.svg","caption":"Excellanta"},"image":{"@id":"https:\/\/excellanta.com\/#\/schema\/logo\/image\/"}}]}},"_links":{"self":[{"href":"https:\/\/excellanta.com\/it\/wp-json\/wp\/v2\/pages\/32","targetHints":{"allow":["GET"]}}],"collection":[{"href":"https:\/\/excellanta.com\/it\/wp-json\/wp\/v2\/pages"}],"about":[{"href":"https:\/\/excellanta.com\/it\/wp-json\/wp\/v2\/types\/page"}],"author":[{"embeddable":true,"href":"https:\/\/excellanta.com\/it\/wp-json\/wp\/v2\/users\/1"}],"replies":[{"embeddable":true,"href":"https:\/\/excellanta.com\/it\/wp-json\/wp\/v2\/comments?post=32"}],"version-history":[{"count":13,"href":"https:\/\/excellanta.com\/it\/wp-json\/wp\/v2\/pages\/32\/revisions"}],"predecessor-version":[{"id":350,"href":"https:\/\/excellanta.com\/it\/wp-json\/wp\/v2\/pages\/32\/revisions\/350"}],"wp:attachment":[{"href":"https:\/\/excellanta.com\/it\/wp-json\/wp\/v2\/media?parent=32"}],"curies":[{"name":"wp","href":"https:\/\/api.w.org\/{rel}","templated":true}]}}