{"id":34,"date":"2024-11-19T16:36:29","date_gmt":"2024-11-19T16:36:29","guid":{"rendered":"https:\/\/excellanta.com\/?page_id=34"},"modified":"2025-12-18T10:32:12","modified_gmt":"2025-12-18T10:32:12","slug":"privacy-policy","status":"publish","type":"page","link":"https:\/\/excellanta.com\/de\/privacy-policy\/","title":{"rendered":"Datenschutzbestimmungen"},"content":{"rendered":"<p>Unter <strong>Klavix Global Ltd.<\/strong>Wir sind uns der Bedeutung Ihrer Privatsph\u00e4re bewusst und verpflichten uns, Ihre pers\u00f6nlichen Daten zu sch\u00fctzen. Wir verpflichten uns, Ihre Daten in \u00dcbereinstimmung mit dieser Datenschutzrichtlinie zu verwalten und zu sch\u00fctzen, um sicherzustellen, dass Ihre Privatsph\u00e4re respektiert wird und Ihre Daten sicher bleiben.<\/p>\n\n\n\n<p>Diese Datenschutzrichtlinie gilt f\u00fcr die Website (die \"Website\"), die von <strong>Klavix Global Ltd.<\/strong>ein Unternehmen mit Hauptsitz in 2nd Floor College House, 17 King Edwards Road, Ruislip, London, Vereinigtes K\u00f6nigreich, HA4 7AE, mit der eingetragenen Nummer 16282972, (\"<strong>Klavix Global<\/strong>,\" \"wir\", \"uns\"), der als Datenverantwortlicher f\u00fcr die personenbezogenen Daten handelt, die Sie uns im Rahmen dieser Richtlinie mitteilen.<\/p>\n\n\n\n<p>Die Website umfasst excellanta.com, verwaltet von <strong>Klavix Global Ltd.<\/strong>die einen Link zu dieser Politik enth\u00e4lt. <strong>Klavix Global Ltd.<\/strong>erkennen wir die Bedeutung Ihrer Privatsph\u00e4re an. Wir verpflichten uns, Ihre Daten (d.h. alle Informationen, die Sie uns zur Verf\u00fcgung stellen und die Sie identifizieren k\u00f6nnen) durch diese Datenschutzrichtlinie zu sch\u00fctzen.<\/p>\n\n\n\n<p><strong>Klavix Global Ltd. <\/strong>beh\u00e4lt sich das Recht vor, diese Datenschutzrichtlinie jederzeit zu \u00e4ndern. Wir empfehlen Ihnen, sie regelm\u00e4\u00dfig auf Aktualisierungen oder \u00c4nderungen zu \u00fcberpr\u00fcfen.<\/p>\n\n\n\n<h2 class=\"wp-block-heading\"><strong>Erhebung und Verwendung pers\u00f6nlicher Daten<\/strong><\/h2>\n\n\n\n<p><strong>Klavix Global Ltd.<\/strong> kann personenbezogene Daten von Ihnen erheben, wie z. B. Ihren Namen, Ihre Kontaktdaten, Ihren Beruf, Ihre Unternehmens- oder Berufszugeh\u00f6rigkeit, Ihre Branche, Ihre Region\/Ihr Land und alle anderen Informationen, die Sie bei der Interaktion mit unserer Website angeben, <a href=\"https:\/\/excellanta.com\/de\/\">www.excellanta.com<\/a>.<\/p>\n\n\n\n<p>Durch die Nutzung unserer Website oder die \u00dcbermittlung von Informationen an uns erkl\u00e4ren Sie sich einverstanden mit <strong>Klavix Global Ltd. <\/strong>Ihre personenbezogenen Daten wie in dieser Datenschutzrichtlinie beschrieben zu verarbeiten. Ihre personenbezogenen Daten k\u00f6nnen verwendet werden, um Anfragen zu erf\u00fcllen, angeforderte Informationen bereitzustellen, Marketingmitteilungen zu versenden, Bewerbungen zu bearbeiten und andere von Ihnen angeforderte Dienstleistungen zu verwalten.<\/p>\n\n\n\n<p>Zu den von uns erfassten personenbezogenen Daten geh\u00f6ren Ihr Name, Ihre E-Mail-Adresse, Ihr Titel, Ihr Beruf, Ihre Unternehmens- oder Hochschulzugeh\u00f6rigkeit, Ihre Branche, Ihre Region\/Ihr Land, der Grund f\u00fcr die Kontaktaufnahme <strong>Klavix Global Ltd.<\/strong>Die Informationen, die Sie uns \u00fcbermitteln, betreffen die Themen, f\u00fcr die Sie sich interessieren, alle zus\u00e4tzlichen Angaben, die Sie in Ihren Anfragen machen, oder Informationen, die in den an uns gerichteten Mitteilungen enthalten sind.<\/p>\n\n\n\n<p>Wir k\u00f6nnen auch Informationen dar\u00fcber sammeln, wie Sie unsere Website durch unsere Cookie-Richtlinie nutzen, die Sie separat einsehen k\u00f6nnen.<\/p>\n\n\n\n<p>Indem Sie uns personenbezogene Daten \u00fcbermitteln, erkennen Sie Folgendes an und stimmen zu <strong>Klavix Global Ltd.<\/strong>die Verwendung Ihrer Daten f\u00fcr die in dieser Datenschutzrichtlinie beschriebenen Zwecke. Wenn Sie bestimmte personenbezogene Daten nicht angeben m\u00f6chten, beachten Sie bitte, dass wir m\u00f6glicherweise nicht in der Lage sind, Ihre Anfragen zu bearbeiten oder die gew\u00fcnschten Dienstleistungen zu erbringen.<\/p>\n\n\n\n<p>Wir bewahren Ihre personenbezogenen Daten nur so lange auf, wie es f\u00fcr die Erf\u00fcllung Ihrer Anfragen oder die Aufrechterhaltung einer Beziehung zu Ihnen erforderlich ist. Wenn Sie sich f\u00fcr eine Stelle beworben haben bei <strong>Klavix Global Ltd.<\/strong>Ihre personenbezogenen Daten werden f\u00fcr einen angemessenen Zeitraum, in der Regel bis zu f\u00fcnf Jahren, gespeichert.<\/p>\n\n\n\n<p><strong>Klavix Global Ltd.<\/strong> ist nicht verantwortlich f\u00fcr Informationen, die Sie in \u00f6ffentlichen Foren oder auf Message Boards (falls zutreffend) ver\u00f6ffentlichen. Bitte seien Sie vorsichtig, wenn Sie Informationen \u00f6ffentlich weitergeben, da diese von anderen, die nicht unserer Kontrolle unterliegen, eingesehen und verwendet werden k\u00f6nnen.<\/p>\n\n\n\n<h2 class=\"wp-block-heading\"><strong>Verwendung von Cookies<\/strong><\/h2>\n\n\n\n<p>Wir k\u00f6nnen Cookies und \u00e4hnliche Technologien verwenden, um bestimmte Arten von Informationen zu sammeln, wenn Sie unsere Website besuchen, <a href=\"https:\/\/excellanta.com\/de\/\">www.excellanta.com<\/a>. Ausf\u00fchrliche Informationen \u00fcber die gesammelten Daten und ihre Verwendung finden Sie in unserer Cookie-Richtlinie.<\/p>\n\n\n\n<p>Bitte beachten Sie, dass die Verwendung von Cookies ausf\u00fchrlich in unserer Cookie-Richtlinie beschrieben wird, die Sie bitte lesen sollten, um mehr Klarheit \u00fcber den Umgang mit dieser Art von Daten zu erhalten.<\/p>\n\n\n\n<h2 class=\"wp-block-heading\"><strong>Weitergabe von personenbezogenen Daten<\/strong><\/h2>\n\n\n\n<p>Wir k\u00f6nnen Ihre personenbezogenen Daten an andere verbundene Unternehmen innerhalb der <strong>Klavix Global Ltd.<\/strong> Gruppe und sorgf\u00e4ltig ausgew\u00e4hlte Dritte, die sich m\u00f6glicherweise au\u00dferhalb Ihres Wohnsitzlandes befinden. <strong>Klavix Global Ltd.<\/strong> verkauft Ihre Daten nicht und gibt sie nicht ohne Ihre Zustimmung an Dritte f\u00fcr deren eigene Zwecke weiter.<\/p>\n\n\n\n<p>Wir k\u00f6nnen Ihre personenbezogenen Daten an Einrichtungen wie z. B.:<\/p>\n\n\n\n<ul class=\"wp-block-list\">\n<li>Andere \u00c4mter innerhalb der <strong>Klavix Global Ltd.<\/strong>;<\/li>\n\n\n\n<li>Vertrauensw\u00fcrdige Drittanbieter, wie Marketingagenturen (wenn Sie sich f\u00fcr unsere Marketingkommunikation entschieden haben), IT-Dienstleister, Personalvermittlungsagenturen, Hintergrund\u00fcberpr\u00fcfungsdienste, Datenverarbeitungspartner oder Veranstaltungsorganisatoren, die uns unterst\u00fctzen <strong>Klavix Global Ltd.<\/strong> Operationen;<\/li>\n\n\n\n<li>Unsere professionellen Berater;<\/li>\n\n\n\n<li>Strafverfolgungsbeh\u00f6rden oder staatliche Stellen, soweit dies nach geltendem Recht erforderlich ist.<\/li>\n<\/ul>\n\n\n\n<p>Alle Dritten, mit Ausnahme von Strafverfolgungs- oder Regierungsbeh\u00f6rden, verarbeiten Ihre personenbezogenen Daten ausschlie\u00dflich im Auftrag von <strong>Klavix Global Ltd.<\/strong> und nur f\u00fcr die in dieser Datenschutzrichtlinie genannten Zwecke. Ihre personenbezogenen Daten werden nicht verkauft oder an solche Dritte zur unabh\u00e4ngigen Nutzung weitergegeben.<\/p>\n\n\n\n<p>Verbundene Unternehmen und Dritte, an die wir Ihre Daten weitergeben, k\u00f6nnen in L\u00e4ndern ans\u00e4ssig sein, die m\u00f6glicherweise nicht denselben Datenschutz bieten wie Ihr Wohnsitzland. In solchen F\u00e4llen, <strong>Klavix Global Ltd.<\/strong> stellt sicher, dass Ihre personenbezogenen Daten durch geeignete rechtliche Mechanismen gesch\u00fctzt werden, z. B. durch Vertr\u00e4ge oder von der Europ\u00e4ischen Kommission genehmigte Standardvertragsklauseln f\u00fcr in der EU ans\u00e4ssige Personen.<\/p>\n\n\n\n<h2 class=\"wp-block-heading\"><strong>Links zu anderen Websites<\/strong><\/h2>\n\n\n\n<p>Unsere Website kann Links zu Websites Dritter enthalten, f\u00fcr die jeweils eigene Nutzungsbedingungen und Datenschutzrichtlinien gelten. <strong>Klavix Global Ltd.<\/strong> \u00fcbernimmt keine Haftung oder Verantwortung f\u00fcr den Inhalt, die Praktiken oder die Interaktionen mit diesen externen Websites.<\/p>\n\n\n\n<p>Links zu Websites Dritter, einschlie\u00dflich sozialer Netzwerke, werden aus Gr\u00fcnden der Bequemlichkeit und zu Informationszwecken bereitgestellt. Bevor Sie diese Websites nutzen oder Informationen an sie \u00fcbermitteln, empfehlen wir Ihnen, deren Bedingungen und Datenschutzrichtlinien zu lesen. <strong>Klavix Global Ltd.<\/strong> \u00fcbernimmt keine Verantwortung f\u00fcr den Inhalt oder die Nutzung dieser Websites Dritter und lehnt jegliche Haftung ab, die sich aus dem Zugang zu oder der Nutzung von solchen verlinkten Websites ergibt.<\/p>\n\n\n\n<h2 class=\"wp-block-heading\"><strong>Sicherheit Ihrer pers\u00f6nlichen Daten<\/strong><\/h2>\n\n\n\n<p><strong>Klavix Global Ltd.<\/strong> geeignete technische und organisatorische Sicherheitsma\u00dfnahmen getroffen hat, um Ihre personenbezogenen Daten vor Verlust, Missbrauch, Ver\u00e4nderung oder Zerst\u00f6rung zu sch\u00fctzen.<\/p>\n\n\n\n<p>Diese Ma\u00dfnahmen umfassen die Anonymisierung oder Pseudonymisierung von Daten, soweit dies m\u00f6glich ist. Nur autorisiertes Personal bei I<strong>Klavix Global Ltd.<\/strong> und die oben genannten Dritten haben Zugang zu Ihren personenbezogenen Daten, jedoch nur in dem Umfang, der f\u00fcr ihre Aufgaben oder die erbrachten Dienstleistungen erforderlich ist. Wir treffen erhebliche Vorkehrungen zum Schutz Ihrer Daten, <strong>Klavix Global Ltd.<\/strong> kann nicht garantieren, dass Unbefugte niemals Zugang zu Ihren Informationen erhalten.<\/p>\n\n\n\n<h2 class=\"wp-block-heading\"><strong>Ihre Rechte<\/strong><\/h2>\n\n\n\n<p>Je nach Ihrem Wohnsitz k\u00f6nnen Sie bestimmte Rechte in Bezug auf Ihre personenbezogenen Daten haben <strong>Klavix Global Ltd. <\/strong>die \u00fcber Sie gespeichert sind. Zu diesen Rechten geh\u00f6rt es, Zugang zu Ihren personenbezogenen Daten zu verlangen, eine Kopie davon zu erhalten und zu erfahren, wie wir sie verwenden. Sie haben auch das Recht, die Berichtigung von ungenauen oder veralteten Daten zu verlangen. Dar\u00fcber hinaus haben Sie das Recht, die Einschr\u00e4nkung oder Beendigung der Datenverarbeitung zu verlangen, Ihre Einwilligung zu widerrufen und die L\u00f6schung Ihrer personenbezogenen Daten zu fordern.<\/p>\n\n\n\n<p>Um diese Rechte auszu\u00fcben, reichen Sie bitte Ihren Antrag \u00fcber das daf\u00fcr vorgesehene Antragsformular f\u00fcr Betroffene ein.<\/p>\n\n\n\n<p>Wenn Sie derzeit Marketingmitteilungen erhalten von <strong>Klavix Global Ltd.<\/strong> und m\u00f6chten Sie sich abmelden oder k\u00fcnftige Nachrichten stoppen, k\u00f6nnen Sie dies \u00fcber den Link \"Einstellungen\" in jeder Marketing-E-Mail tun oder indem Sie eine Abmeldeanfrage \u00fcber unser Formular f\u00fcr Datenschutzanfragen einreichen.<\/p>\n\n\n\n<p>Sollten Sie der Meinung sein, dass Ihre personenbezogenen Daten unrechtm\u00e4\u00dfig verarbeitet werden, bitten wir Sie, sich \u00fcber unsere Kontakt-Seite an uns zu wenden. Sie haben auch die M\u00f6glichkeit, sich bei Ihrer \u00f6rtlichen Datenschutzbeh\u00f6rde zu beschweren.<\/p>\n\n\n\n<p>Um die Sicherheit Ihrer Daten zu gew\u00e4hrleisten, werden wir geeignete Schritte unternehmen, um Ihre Identit\u00e4t zu \u00fcberpr\u00fcfen, bevor wir Ihre Anfragen bearbeiten.<\/p>\n\n\n\n<h2 class=\"wp-block-heading\"><strong>Kinder<\/strong><\/h2>\n\n\n\n<p>Unsere Website ist nicht f\u00fcr Kinder im Alter von 16 Jahren oder j\u00fcnger bestimmt.<strong>Klavix Global Ltd.<\/strong> erhebt nicht wissentlich personenbezogene Daten von Personen unter 16 Jahren und bittet darum, dass uns keine derartigen Informationen zur Verf\u00fcgung gestellt werden. Sollten wir feststellen, dass wir versehentlich Daten von einem Kind unter 16 Jahren erfasst haben, werden wir diese Informationen umgehend aus unseren Unterlagen l\u00f6schen.<\/p>\n\n\n\n<h2 class=\"wp-block-heading\"><strong>Kontakt<\/strong><\/h2>\n\n\n\n<p>Wenn Sie Fragen oder Bedenken bez\u00fcglich des Datenschutzes oder dieser Datenschutzrichtlinie haben, k\u00f6nnen Sie sich gerne an uns wenden:<\/p>\n\n\n\n<ul class=\"wp-block-list\">\n<li><strong>E-Mail<\/strong>: <a href=\"mailto:info@excellanta.com\">info@excellanta.com<\/a><\/li>\n\n\n\n<li><strong>Telefon<\/strong>: <a href=\"tel:+447414148856\">+447414148856<\/a><\/li>\n\n\n\n<li><strong>Website<\/strong>: <a href=\"http:\/\/excellanta.com\/de\/\">excellanta.com<\/a><\/li>\n<\/ul>\n\n\n\n<h4 class=\"wp-block-heading\">Wir sind bestrebt, Ihre Anfragen zu beantworten und den Schutz Ihrer Daten zu gew\u00e4hrleisten.<\/h4>","protected":false},"excerpt":{"rendered":"<p>At Klavix Global Ltd, we recognize the importance of your privacy and are dedicated to safeguarding your personal information. We are fully committed to managing and protecting your data in compliance with this Privacy Policy, ensuring that your privacy is respected and your information remains secure. This Privacy Policy applies to the website (the &#8220;Site&#8221;) [&hellip;]<\/p>","protected":false},"author":1,"featured_media":0,"parent":0,"menu_order":0,"comment_status":"closed","ping_status":"closed","template":"templates-pages\/policy-template.php","meta":{"footnotes":""},"class_list":["post-34","page","type-page","status-publish","hentry"],"yoast_head":"<!-- This site is optimized with the Yoast SEO plugin v23.9 - https:\/\/yoast.com\/wordpress\/plugins\/seo\/ -->\n<title>Privacy Policy - Excellanta<\/title>\n<meta name=\"robots\" content=\"index, follow, max-snippet:-1, max-image-preview:large, max-video-preview:-1\" \/>\n<link rel=\"canonical\" href=\"https:\/\/excellanta.com\/de\/privacy-policy\/\" \/>\n<meta property=\"og:locale\" content=\"de_DE\" \/>\n<meta property=\"og:type\" content=\"article\" \/>\n<meta property=\"og:title\" content=\"Privacy Policy - Excellanta\" \/>\n<meta property=\"og:description\" content=\"At Klavix Global Ltd, we recognize the importance of your privacy and are dedicated to safeguarding your personal information. We are fully committed to managing and protecting your data in compliance with this Privacy Policy, ensuring that your privacy is respected and your information remains secure. This Privacy Policy applies to the website (the &#8220;Site&#8221;) [&hellip;]\" \/>\n<meta property=\"og:url\" content=\"https:\/\/excellanta.com\/de\/privacy-policy\/\" \/>\n<meta property=\"og:site_name\" content=\"Excellanta\" \/>\n<meta property=\"article:modified_time\" content=\"2025-12-18T10:32:12+00:00\" \/>\n<meta name=\"twitter:card\" content=\"summary_large_image\" \/>\n<meta name=\"twitter:label1\" content=\"Gesch\u00e4tzte Lesezeit\" \/>\n\t<meta name=\"twitter:data1\" content=\"6\u00a0Minuten\" \/>\n<script type=\"application\/ld+json\" class=\"yoast-schema-graph\">{\"@context\":\"https:\/\/schema.org\",\"@graph\":[{\"@type\":\"WebPage\",\"@id\":\"https:\/\/excellanta.com\/privacy-policy\/\",\"url\":\"https:\/\/excellanta.com\/privacy-policy\/\",\"name\":\"Privacy Policy - Excellanta\",\"isPartOf\":{\"@id\":\"https:\/\/excellanta.com\/#website\"},\"datePublished\":\"2024-11-19T16:36:29+00:00\",\"dateModified\":\"2025-12-18T10:32:12+00:00\",\"breadcrumb\":{\"@id\":\"https:\/\/excellanta.com\/privacy-policy\/#breadcrumb\"},\"inLanguage\":\"de\",\"potentialAction\":[{\"@type\":\"ReadAction\",\"target\":[\"https:\/\/excellanta.com\/privacy-policy\/\"]}]},{\"@type\":\"BreadcrumbList\",\"@id\":\"https:\/\/excellanta.com\/privacy-policy\/#breadcrumb\",\"itemListElement\":[{\"@type\":\"ListItem\",\"position\":1,\"name\":\"Home\",\"item\":\"https:\/\/excellanta.com\/\"},{\"@type\":\"ListItem\",\"position\":2,\"name\":\"Privacy Policy\"}]},{\"@type\":\"WebSite\",\"@id\":\"https:\/\/excellanta.com\/#website\",\"url\":\"https:\/\/excellanta.com\/\",\"name\":\"Excellanta\",\"description\":\"\",\"publisher\":{\"@id\":\"https:\/\/excellanta.com\/#organization\"},\"potentialAction\":[{\"@type\":\"SearchAction\",\"target\":{\"@type\":\"EntryPoint\",\"urlTemplate\":\"https:\/\/excellanta.com\/?s={search_term_string}\"},\"query-input\":{\"@type\":\"PropertyValueSpecification\",\"valueRequired\":true,\"valueName\":\"search_term_string\"}}],\"inLanguage\":\"de\"},{\"@type\":\"Organization\",\"@id\":\"https:\/\/excellanta.com\/#organization\",\"name\":\"Excellanta\",\"url\":\"https:\/\/excellanta.com\/\",\"logo\":{\"@type\":\"ImageObject\",\"inLanguage\":\"de\",\"@id\":\"https:\/\/excellanta.com\/#\/schema\/logo\/image\/\",\"url\":\"https:\/\/excellanta.com\/wp-content\/uploads\/2024\/11\/Logo-excellanta-black.svg\",\"contentUrl\":\"https:\/\/excellanta.com\/wp-content\/uploads\/2024\/11\/Logo-excellanta-black.svg\",\"caption\":\"Excellanta\"},\"image\":{\"@id\":\"https:\/\/excellanta.com\/#\/schema\/logo\/image\/\"}}]}<\/script>\n<!-- \/ Yoast SEO plugin. -->","yoast_head_json":{"title":"Privacy Policy - Excellanta","robots":{"index":"index","follow":"follow","max-snippet":"max-snippet:-1","max-image-preview":"max-image-preview:large","max-video-preview":"max-video-preview:-1"},"canonical":"https:\/\/excellanta.com\/de\/privacy-policy\/","og_locale":"de_DE","og_type":"article","og_title":"Privacy Policy - Excellanta","og_description":"At Klavix Global Ltd, we recognize the importance of your privacy and are dedicated to safeguarding your personal information. We are fully committed to managing and protecting your data in compliance with this Privacy Policy, ensuring that your privacy is respected and your information remains secure. This Privacy Policy applies to the website (the &#8220;Site&#8221;) [&hellip;]","og_url":"https:\/\/excellanta.com\/de\/privacy-policy\/","og_site_name":"Excellanta","article_modified_time":"2025-12-18T10:32:12+00:00","twitter_card":"summary_large_image","twitter_misc":{"Gesch\u00e4tzte Lesezeit":"6\u00a0Minuten"},"schema":{"@context":"https:\/\/schema.org","@graph":[{"@type":"WebPage","@id":"https:\/\/excellanta.com\/privacy-policy\/","url":"https:\/\/excellanta.com\/privacy-policy\/","name":"Privacy Policy - Excellanta","isPartOf":{"@id":"https:\/\/excellanta.com\/#website"},"datePublished":"2024-11-19T16:36:29+00:00","dateModified":"2025-12-18T10:32:12+00:00","breadcrumb":{"@id":"https:\/\/excellanta.com\/privacy-policy\/#breadcrumb"},"inLanguage":"de","potentialAction":[{"@type":"ReadAction","target":["https:\/\/excellanta.com\/privacy-policy\/"]}]},{"@type":"BreadcrumbList","@id":"https:\/\/excellanta.com\/privacy-policy\/#breadcrumb","itemListElement":[{"@type":"ListItem","position":1,"name":"Home","item":"https:\/\/excellanta.com\/"},{"@type":"ListItem","position":2,"name":"Privacy Policy"}]},{"@type":"WebSite","@id":"https:\/\/excellanta.com\/#website","url":"https:\/\/excellanta.com\/","name":"Excellanta","description":"","publisher":{"@id":"https:\/\/excellanta.com\/#organization"},"potentialAction":[{"@type":"SearchAction","target":{"@type":"EntryPoint","urlTemplate":"https:\/\/excellanta.com\/?s={search_term_string}"},"query-input":{"@type":"PropertyValueSpecification","valueRequired":true,"valueName":"search_term_string"}}],"inLanguage":"de"},{"@type":"Organization","@id":"https:\/\/excellanta.com\/#organization","name":"Excellanta","url":"https:\/\/excellanta.com\/","logo":{"@type":"ImageObject","inLanguage":"de","@id":"https:\/\/excellanta.com\/#\/schema\/logo\/image\/","url":"https:\/\/excellanta.com\/wp-content\/uploads\/2024\/11\/Logo-excellanta-black.svg","contentUrl":"https:\/\/excellanta.com\/wp-content\/uploads\/2024\/11\/Logo-excellanta-black.svg","caption":"Excellanta"},"image":{"@id":"https:\/\/excellanta.com\/#\/schema\/logo\/image\/"}}]}},"_links":{"self":[{"href":"https:\/\/excellanta.com\/de\/wp-json\/wp\/v2\/pages\/34","targetHints":{"allow":["GET"]}}],"collection":[{"href":"https:\/\/excellanta.com\/de\/wp-json\/wp\/v2\/pages"}],"about":[{"href":"https:\/\/excellanta.com\/de\/wp-json\/wp\/v2\/types\/page"}],"author":[{"embeddable":true,"href":"https:\/\/excellanta.com\/de\/wp-json\/wp\/v2\/users\/1"}],"replies":[{"embeddable":true,"href":"https:\/\/excellanta.com\/de\/wp-json\/wp\/v2\/comments?post=34"}],"version-history":[{"count":8,"href":"https:\/\/excellanta.com\/de\/wp-json\/wp\/v2\/pages\/34\/revisions"}],"predecessor-version":[{"id":351,"href":"https:\/\/excellanta.com\/de\/wp-json\/wp\/v2\/pages\/34\/revisions\/351"}],"wp:attachment":[{"href":"https:\/\/excellanta.com\/de\/wp-json\/wp\/v2\/media?parent=34"}],"curies":[{"name":"wp","href":"https:\/\/api.w.org\/{rel}","templated":true}]}}