{"id":32,"date":"2024-11-19T16:36:16","date_gmt":"2024-11-19T16:36:16","guid":{"rendered":"https:\/\/excellanta.com\/?page_id=32"},"modified":"2025-12-18T10:31:58","modified_gmt":"2025-12-18T10:31:58","slug":"terms-of-use","status":"publish","type":"page","link":"https:\/\/excellanta.com\/de\/terms-of-use\/","title":{"rendered":"Nutzungsbedingungen"},"content":{"rendered":"<p>Diese Nutzungsbedingungen (\"Bedingungen\") stellen eine verbindliche rechtliche Vereinbarung zwischen Ihnen und <strong>Klavix Global Ltd.<\/strong> (&#8220;<strong>Klavix Global<\/strong>\"), eingetragene Adresse: 2nd Floor College House, 17 King Edwards Road, Ruislip, London, Vereinigtes K\u00f6nigreich, HA4 7AE, eingetragene Nummer: 16282972, die die Marke Excellanta betreibt, f\u00fcr Ihren Zugang zu und Ihre Nutzung der Website und ihrer Inhalte (\"Inhalte\"), die unter excellanta.com (die \"Website\") verf\u00fcgbar sind.<\/p>\n\n\n\n<p>Bitte lesen Sie diese Bedingungen sorgf\u00e4ltig durch. Indem Sie auf diese Website zugreifen, sie durchsuchen oder nutzen, best\u00e4tigen Sie, dass Sie diese Bedingungen vollst\u00e4ndig gelesen und verstanden haben und ihnen zustimmen, und Sie verpflichten sich, alle geltenden Gesetze und Vorschriften einzuhalten. Bitte sehen Sie von der Nutzung der Website ab, wenn Sie diese Bedingungen nicht akzeptieren.<\/p>\n\n\n\n<p>Diese Website kann Eigentumshinweise und Urheberrechtsinformationen enthalten, die beachtet werden sollten. Der Inhalt der Website kann technische Fehler oder typografische Fehler enthalten. <strong>Klavix Global Ltd.<\/strong> beh\u00e4lt sich das Recht vor, Teile dieser Bedingungen ohne vorherige Ank\u00fcndigung zu \u00e4ndern, zu aktualisieren oder zu entfernen. Es liegt in Ihrer Verantwortung, die aktuellste Version dieser Bedingungen zu pr\u00fcfen. Die fortgesetzte Nutzung der Website impliziert Ihre Zustimmung zu allen \u00c4nderungen.<\/p>\n\n\n\n<h2 class=\"wp-block-heading\"><strong>Zugang und Nutzung der Website; Einschr\u00e4nkungen<\/strong><\/h2>\n\n\n\n<p>Unter der Voraussetzung, dass Sie diese Bedingungen einhalten, gew\u00e4hrt Ihnen Klavix Global Ltd. eine begrenzte, nicht exklusive, nicht \u00fcbertragbare, nicht unterlizenzierbare und widerrufbare Erlaubnis, auf die Website zuzugreifen und sie ausschlie\u00dflich f\u00fcr pers\u00f6nliche, nicht kommerzielle und rechtm\u00e4\u00dfige Zwecke zu nutzen. Diese Erlaubnis setzt voraus, dass alle Hinweise auf Urheberrechte, Marken und geistiges Eigentum auf der Website intakt bleiben. Klavix Global Ltd. genehmigt keine Behauptung, Implikation oder Andeutung, dass das Unternehmen die Ansichten, Produkte oder Dienstleistungen Dritter unterst\u00fctzt. Alle anderen Rechte sind ausdr\u00fccklich vorbehalten.<\/p>\n\n\n\n<p>Ihre Nutzung der Website und ihrer Funktionen muss mit allen einschl\u00e4gigen Gesetzen, Regeln und Vorschriften \u00fcbereinstimmen. Sie stimmen zu, nicht zu&nbsp;<\/p>\n\n\n\n<p>(i) den Inhalt der Website zu archivieren, herunterzuladen, zu vervielf\u00e4ltigen, zu verbreiten, zu ver\u00e4ndern, anzuzeigen, zu ver\u00f6ffentlichen oder davon abgeleitete Werke zu erstellen;&nbsp;<\/p>\n\n\n\n<p>(ii) Urheberrechts- oder Eigentumshinweise zu entfernen oder zu ver\u00e4ndern;&nbsp;<\/p>\n\n\n\n<p>(iii) Sicherheitsfunktionen oder Schutzma\u00dfnahmen auf der Website zu umgehen oder zu st\u00f6ren;&nbsp;<\/p>\n\n\n\n<p>(iv) automatische Mittel wie Roboter oder Scraper f\u00fcr den Zugriff auf die Website zu verwenden;&nbsp;<\/p>\n\n\n\n<p>(v) Software im Zusammenhang mit der Website zur\u00fcckzuentwickeln oder zu disassemblieren;&nbsp;<\/p>\n\n\n\n<p>(vi) Code einzuf\u00fcgen oder die Website zu manipulieren;&nbsp;<\/p>\n\n\n\n<p>(vii) Data-Mining- oder Datenextraktionsmethoden anwenden;&nbsp;<\/p>\n\n\n\n<p>(viii) sch\u00e4dliches oder st\u00f6rendes Material, einschlie\u00dflich Viren oder sch\u00e4dlichen Codes, zu \u00fcbertragen;&nbsp;<\/p>\n\n\n\n<p>(ix) Werbung auf der Website zu blockieren oder zu ver\u00e4ndern; oder&nbsp;<\/p>\n\n\n\n<p>(x) die Website f\u00fcr illegale Aktivit\u00e4ten oder unter Versto\u00df gegen geltendes Recht, einschlie\u00dflich Vorschriften zum Schutz des geistigen Eigentums oder des Datenschutzes, zu nutzen.<\/p>\n\n\n\n<p>Klavix Global Ltd beh\u00e4lt sich das Recht vor, Ihren Zugang zu dieser Website jederzeit und ohne Angabe von Gr\u00fcnden ohne vorherige Ank\u00fcndigung zu \u00e4ndern, auszusetzen oder zu beenden. Die Verf\u00fcgbarkeit der Website kann durch Wartungsarbeiten, technische Probleme oder andere St\u00f6rungen beeintr\u00e4chtigt werden, und Klavix Global Ltd haftet nicht f\u00fcr daraus resultierende Auswirkungen auf Ihre Systeme, Daten oder Abl\u00e4ufe.<\/p>\n\n\n\n<h2 class=\"wp-block-heading\"><strong>Hyperlinking<\/strong><\/h2>\n\n\n\n<p>Klavix Global Ltd gibt keine Zusicherungen oder Garantien bez\u00fcglich externer Websites, auf die Sie \u00fcber diese Website zugreifen k\u00f6nnen. Sie sollten sich dar\u00fcber im Klaren sein, dass solche Websites unabh\u00e4ngig von Klavix Global Ltd. betrieben werden und Klavix Global Ltd. keine Kontrolle \u00fcber deren Inhalt hat, selbst wenn Klavix Global Ltd. eine Zusammenarbeit mit dem Eigent\u00fcmer der Website unterh\u00e4lt. Links zu externen Websites bedeuten nicht, dass Klavix Global Ltd. den Inhalt oder die Nutzung dieser Websites billigt oder daf\u00fcr die Verantwortung \u00fcbernimmt. Klavix Global Ltd. lehnt jegliche Haftung f\u00fcr den Inhalt oder m\u00f6gliche Sch\u00e4den dieser externen Seiten ab. Sie sind daf\u00fcr verantwortlich, die notwendigen Vorsichtsma\u00dfnahmen zu ergreifen, um sicherzustellen, dass alle Materialien, mit denen Sie interagieren, frei von sch\u00e4dlichen Elementen wie Viren, W\u00fcrmern, trojanischen Pferden oder anderer zerst\u00f6rerischer Software sind.<\/p>\n\n\n\n<h2 class=\"wp-block-heading\"><strong>Urheberrechte und Nutzung des Inhalts der Website<\/strong><\/h2>\n\n\n\n<p>Das Urheberrecht f\u00fcr alle Materialien, Merkmale und Funktionen, die auf dieser Website zu finden sind, einschlie\u00dflich, aber nicht beschr\u00e4nkt auf Texte, Grafiken, Videos, Audioaufnahmen, Software, Algorithmen, Kunstwerke, Schnittstellen, Fotografien, Logos, Icons und Bilder sowie deren Auswahl, Anordnung und abgeleitete Werke (zusammenfassend als \"Inhalt\" bezeichnet), liegt ausschlie\u00dflich bei Klavix Global Ltd oder seinen Lizenzgebern.<\/p>\n\n\n\n<p>Dieser Inhalt ist durch das europ\u00e4ische Urheberrecht und internationale Gesetze zum Schutz des geistigen Eigentums gesch\u00fctzt. Das Kopieren, Vervielf\u00e4ltigen, Verteilen, Wiederver\u00f6ffentlichen, Herunterladen, Anzeigen, Ver\u00f6ffentlichen oder \u00dcbertragen von Inhalten in jeglichem Format oder mit jeglicher Methode - einschlie\u00dflich elektronischer, mechanischer, Fotokopier- oder Aufzeichnungsmethoden - ist nur mit vorheriger schriftlicher Genehmigung von Klavix Global Ltd. oder dem entsprechenden Urheberrechtsinhaber gestattet. Die Verwendung von \"Spiegeln\" oder \"Framing\" von Inhalten oder der Website selbst, ganz oder teilweise, ist ohne ausdr\u00fcckliche Genehmigung von Klavix Global Ltd. strengstens untersagt. Die unbefugte Nutzung von Inhalten kann gegen das Urheberrecht, das Markenrecht, das Recht auf Privatsph\u00e4re, das Recht auf \u00d6ffentlichkeit und andere geltende Vorschriften versto\u00dfen. Alle nicht ausdr\u00fccklich gew\u00e4hrten Rechte sind vorbehalten. Sie sind allein daf\u00fcr verantwortlich, dass alle Inhalte oder Daten, die von der Website abgerufen werden, frei von Viren oder anderen sch\u00e4dlichen Codes sind, die Ihre Systeme, Software, Daten oder den Betrieb beeintr\u00e4chtigen k\u00f6nnen.<\/p>\n\n\n\n<h2 class=\"wp-block-heading\"><strong>Markenzeichen<\/strong><\/h2>\n\n\n\n<p>Die auf der Website dargestellten Warenzeichen, Dienstleistungsmarken, Logos und Handelsnamen (zusammen die \"Warenzeichen\"), einschlie\u00dflich, aber nicht beschr\u00e4nkt auf Klavix Global\u00ae, sind eingetragene und nicht eingetragene Warenzeichen im Besitz von Klavix Global Ltd. Andere Marken, Dienstleistungsmarken, Logos und Handelsnamen auf der Website k\u00f6nnen Eigentum Dritter sein. Nichts auf dieser Website ist so auszulegen, dass es stillschweigend, durch Rechtsverwirkung oder auf andere Weise eine Lizenz oder ein Recht zur Nutzung einer auf der Website dargestellten Marke ohne die ausdr\u00fcckliche vorherige schriftliche Zustimmung von Klavix Global Ltd oder des jeweiligen Eigent\u00fcmers gew\u00e4hrt. Klavix Global Ltd. setzt seine geistigen Eigentumsrechte im vollen gesetzlich zul\u00e4ssigen Umfang durch. Die Verwendung von Markenzeichen, auch in Werbe- oder Verkaufsf\u00f6rderungsmaterialien im Zusammenhang mit dem Inhalt der Website, ist ohne vorherige Genehmigung durch Klavix Global Ltd. strengstens untersagt. Dar\u00fcber hinaus ist es Ihnen nicht gestattet, in einem \u00f6ffentlichen Medium zu Werbe- oder Verkaufsf\u00f6rderungszwecken oder zur Beeinflussung Dritter ohne entsprechende Genehmigung auf Inhalte oder Informationen von Klavix Global Ltd oder seinen Lizenzgebern zu verweisen. Die Verwendung des Namens Klavix Global\u00ae oder anderer Markenzeichen als Teil eines Links zu oder von einer Website ist ohne vorherige schriftliche Genehmigung von Klavix Global Ltd. ebenfalls untersagt.<\/p>\n\n\n\n<h2 class=\"wp-block-heading\"><strong>Keine Dienstleistungen, Vermerke oder professionelle Beratung<\/strong><\/h2>\n\n\n\n<p>Es kann zu Verz\u00f6gerungen, Auslassungen oder Ungenauigkeiten in den Informationen kommen, die Sie durch Ihre Nutzung der Website erhalten. Der Inhalt der Website wird unter der Voraussetzung angeboten, dass die Bereitstellung dieser Daten durch Klavix Global Ltd. nicht als Beratung, Rechtsberatung, Buchhaltung, Steuerberatung, Berufsberatung oder andere professionelle Dienstleistungen oder Ratschl\u00e4ge angesehen werden kann. Die Informationen auf der Website sollten nicht als Grundlage f\u00fcr gesch\u00e4ftliche, finanzielle oder andere wichtige Entscheidungen dienen und sollten nicht die Konsultation eines qualifizierten professionellen Beraters ersetzen. Dar\u00fcber hinaus \u00fcbernimmt Klavix Global Ltd keine Gew\u00e4hr f\u00fcr die Richtigkeit, Zuverl\u00e4ssigkeit oder Vollst\u00e4ndigkeit von Ratschl\u00e4gen, Meinungen, Aussagen oder anderen Informationen, die von Klavix Global Ltd, Benutzern, Inhaltsanbietern oder anderen Unternehmen auf der Website pr\u00e4sentiert, ver\u00f6ffentlicht oder verbreitet werden. Sie erkennen an und stimmen zu, dass Sie sich auf solche Meinungen, Ratschl\u00e4ge, Aussagen oder Informationen nach eigenem Ermessen und auf eigenes Risiko verlassen. Dar\u00fcber hinaus erteilt Klavix Global Ltd. keine Erlaubnis oder Genehmigung f\u00fcr die Nutzung der Website in einer Weise, die eine Bef\u00fcrwortung oder F\u00f6rderung von Ursachen, Ideen, politischen Kampagnen, Standpunkten, Websites, Produkten oder Dienstleistungen Dritter impliziert.<\/p>\n\n\n\n<h2 class=\"wp-block-heading\"><strong>Ausschluss von Garantien<\/strong><\/h2>\n\n\n\n<p>Die Website, einschlie\u00dflich aller verf\u00fcgbaren Inhalte, wird \"wie besehen\" und \"wie verf\u00fcgbar\" ohne jegliche Garantien bereitgestellt. Klavix Global Ltd. lehnt, soweit dies nach geltendem Recht zul\u00e4ssig ist, alle ausdr\u00fccklichen, stillschweigenden, gesetzlichen oder sonstigen Garantien ab, einschlie\u00dflich, aber nicht beschr\u00e4nkt auf Garantien der Marktg\u00e4ngigkeit, der Eignung f\u00fcr einen bestimmten Zweck, des Eigentums und der Nichtverletzung von Rechten Dritter. Insbesondere, und ohne Einschr\u00e4nkung, gibt Klavix Global Ltd keine Zusicherungen oder Garantien, dass:<\/p>\n\n\n\n<p>(1) die Informationen auf der Website richtig, vollst\u00e4ndig oder zuverl\u00e4ssig sind;&nbsp;<\/p>\n\n\n\n<p>(2) die Website wird ununterbrochen oder fehlerfrei sein; oder&nbsp;<\/p>\n\n\n\n<p>(3) dass etwaige M\u00e4ngel behoben werden oder dass die Website oder der Server, auf dem sie gehostet wird, frei von Viren oder anderen sch\u00e4dlichen Komponenten ist. Sie erkennen an, dass die Nutzung der Website auf Ihr eigenes Risiko erfolgt.<\/p>\n\n\n\n<h2 class=\"wp-block-heading\"><strong>Begrenzung der Haftung<\/strong><\/h2>\n\n\n\n<p>Unter keinen Umst\u00e4nden sind Klavix Global Ltd. oder seine Tochtergesellschaften, leitenden Angestellten, Direktoren, Mitarbeiter, Vertreter, Repr\u00e4sentanten oder Partner haftbar f\u00fcr Sch\u00e4den, einschlie\u00dflich direkter, beil\u00e4ufiger, strafbarer, spezieller oder Folgesch\u00e4den, die aus der Nutzung oder der Unf\u00e4higkeit zur Nutzung der Website oder der Informationen, Inhalte, Software, Produkte oder Dienstleistungen, die auf der Website beworben oder enthalten sind oder anderweitig durch die Nutzung der Website erhalten wurden, entstehen oder damit zusammenh\u00e4ngen. Dies schlie\u00dft, ohne Einschr\u00e4nkung, Sch\u00e4den durch Viren oder andere sch\u00e4dliche Komponenten ein, die angeblich von der Website empfangen wurden, unabh\u00e4ngig davon, ob diese auf einem Vertrag, einer unerlaubten Handlung (einschlie\u00dflich Fahrl\u00e4ssigkeit), verschuldensunabh\u00e4ngiger Haftung oder anderweitig beruhen, selbst wenn Klavix Global Ltd \u00fcber die M\u00f6glichkeit solcher Sch\u00e4den informiert wurde.<\/p>\n\n\n\n<p>Diese Einschr\u00e4nkung gilt f\u00fcr alle Sch\u00e4den oder Verletzungen, die sich aus Leistungsm\u00e4ngeln, Fehlern, Auslassungen, Unterbrechungen, L\u00f6schungen, Defekten, Verz\u00f6gerungen beim Betrieb oder bei der \u00dcbertragung, Viren, Dateikorruption, Kommunikationsfehlern, Netzwerk- oder Systemausf\u00e4llen, Diebstahl, Zerst\u00f6rung, unbefugtem Zugriff, \u00c4nderung oder Verwendung von Daten oder Aufzeichnungen ergeben.<\/p>\n\n\n\n<p>In keinem Fall \u00fcbersteigt die Gesamthaftung von Klavix Global Ltd. den Betrag, den Sie f\u00fcr den Zugang oder die Nutzung der Website bezahlt haben, oder 100 \u20ac, je nachdem, welcher Betrag niedriger ist. Einige Gerichtsbarkeiten erlauben m\u00f6glicherweise nicht den Ausschluss oder die Beschr\u00e4nkung der Haftung f\u00fcr zuf\u00e4llige oder Folgesch\u00e4den, so dass diese Beschr\u00e4nkung m\u00f6glicherweise nicht f\u00fcr alle Benutzer gilt.<\/p>\n\n\n\n<h2 class=\"wp-block-heading\"><strong>Entsch\u00e4digung<\/strong><\/h2>\n\n\n\n<p>Sie erkl\u00e4ren sich damit einverstanden, Klavix Global Ltd. und seine verbundenen Unternehmen, leitenden Angestellten, Direktoren, Mitarbeiter, Agenten, Vertreter und Partner (zusammenfassend die \"freigestellten Parteien\") zu entsch\u00e4digen, zu verteidigen und schadlos zu halten von jeglichen Anspr\u00fcchen, Sch\u00e4den, Verlusten, Haftungen und Kosten, einschlie\u00dflich angemessener Anwaltskosten, die sich ergeben aus oder in Verbindung stehen mit<\/p>\n\n\n\n<p>(i) Ihren Zugang zu oder Ihre Nutzung der Website, oder&nbsp;<\/p>\n\n\n\n<p>(ii) Ihre Verletzung dieser Bedingungen oder jeglicher Garantien, Zusicherungen oder Verpflichtungen, die Sie durch Ihre Zustimmung zu diesen Bedingungen eingegangen sind.<\/p>\n\n\n\n<p>Sie verpflichten sich, bei der Verteidigung gegen solche Anspr\u00fcche voll zu kooperieren. Klavix Global Ltd beh\u00e4lt sich das Recht vor, die ausschlie\u00dfliche Verteidigung und Kontrolle \u00fcber jede Angelegenheit, die Gegenstand der Entsch\u00e4digung ist, auf eigene Kosten zu \u00fcbernehmen.<\/p>\n\n\n\n<h2 class=\"wp-block-heading\"><strong><strong>Durchsetzung der Nutzungsbedingungen<\/strong><\/strong><\/h2>\n\n\n\n<p>Diese Bedingungen unterliegen den Gesetzen des Vereinigten K\u00f6nigreichs und werden nach diesen ausgelegt, ohne R\u00fccksicht auf die Grunds\u00e4tze des Kollisionsrechts. Sie erkl\u00e4ren sich damit einverstanden, dass die ausschlie\u00dfliche Zust\u00e4ndigkeit f\u00fcr alle Streitigkeiten oder Anspr\u00fcche im Zusammenhang mit diesen Bedingungen bei den Gerichten des Vereinigten K\u00f6nigreichs liegen soll. Sie erkl\u00e4ren sich au\u00dferdem damit einverstanden, dass die pers\u00f6nliche Gerichtsbarkeit f\u00fcr alle Angelegenheiten von Klavix Global Ltd. in Gro\u00dfbritannien liegt. Sollte eine Bestimmung dieser Bedingungen als rechtswidrig, ung\u00fcltig oder nicht durchsetzbar erachtet werden, so gilt sie als trennbar und ber\u00fchrt nicht die G\u00fcltigkeit oder Durchsetzbarkeit der \u00fcbrigen Bestimmungen.<\/p>\n\n\n\n<h2 class=\"wp-block-heading\"><strong>Mitteilungen \u00fcber Rechtsverletzungen und Takedown<\/strong><\/h2>\n\n\n\n<p>Klavix Global Ltd. verbietet die Ver\u00f6ffentlichung von Material, das gegen das Urheberrecht oder andere geistige Eigentumsrechte einer Person oder Organisation verst\u00f6\u00dft oder diese verletzt, einschlie\u00dflich der Rechte auf Privatsph\u00e4re und \u00d6ffentlichkeit. Wenn Sie der Meinung sind, dass Inhalte auf der Website Ihre geistigen Eigentumsrechte verletzen, benachrichtigen Sie bitte Klavix Global Ltd \u00fcber Ihre Behauptung gem\u00e4\u00df dem unten beschriebenen Verfahren. Klavix Global Ltd. wird Mitteilungen \u00fcber angebliche Verst\u00f6\u00dfe pr\u00fcfen und bearbeiten und entsprechende Ma\u00dfnahmen ergreifen, wie es die einschl\u00e4gigen Urheberrechtsgesetze und -vorschriften vorsehen.<\/p>\n\n\n\n<h2 class=\"wp-block-heading\"><strong>Gesamte Vereinbarung<\/strong><\/h2>\n\n\n\n<p>Diese Nutzungsbedingungen stellen die vollst\u00e4ndige und ausschlie\u00dfliche Vereinbarung zwischen Ihnen und Klavix Global Ltd. in Bezug auf den hier dargelegten Gegenstand dar und ersetzen alle fr\u00fcheren oder gleichzeitigen Vereinbarungen, ob schriftlich oder m\u00fcndlich, und treten an deren Stelle. Jeder Verzicht auf eine Bestimmung dieser Bedingungen ist nur dann wirksam, wenn er schriftlich erfolgt und von Klavix Global Ltd. unterzeichnet ist. Der Verzicht auf die Durchsetzung einer Bestimmung dieser Bedingungen bedeutet keinen Verzicht auf das Recht, diese oder eine andere Bestimmung in der Zukunft durchzusetzen.<\/p>\n\n\n\n<h2 class=\"wp-block-heading\"><strong>Kontakt<\/strong><\/h2>\n\n\n\n<p>Wenn Sie Fragen oder Bedenken bez\u00fcglich der Nutzungsbedingungen unserer Website haben, k\u00f6nnen Sie sich gerne \u00fcber die folgenden Kontaktdaten an uns wenden:<\/p>\n\n\n\n<ul class=\"wp-block-list\">\n<li><strong>E-Mail<\/strong>: <a href=\"mailto:info@excellanta.com\">info@excellanta.com<\/a><\/li>\n\n\n\n<li><strong>Telefon<\/strong>: <a href=\"tel:+447414148856\">+447414148856<\/a><\/li>\n\n\n\n<li><strong>Website<\/strong>: <a href=\"https:\/\/excellanta.com\/de\/\">excellanta.com<\/a><\/li>\n<\/ul>\n\n\n\n<h4 class=\"wp-block-heading\">Wir helfen Ihnen gerne weiter!<\/h4>","protected":false},"excerpt":{"rendered":"<p>These terms of use&nbsp; (&#8220;Terms&#8221;) constitute a binding legal agreement between you and Klavix Global Ltd (&#8220;Klavix Global&#8220;), registered address: 2nd Floor College House, 17 King Edwards Road, Ruislip, London, United Kingdom, HA4 7AE, registered number: 16282972, which operates the brand Excellanta, governing your access to and use of the website and its content (&#8220;Content&#8221;) [&hellip;]<\/p>","protected":false},"author":1,"featured_media":0,"parent":0,"menu_order":0,"comment_status":"closed","ping_status":"closed","template":"templates-pages\/policy-template.php","meta":{"footnotes":""},"class_list":["post-32","page","type-page","status-publish","hentry"],"yoast_head":"<!-- This site is optimized with the Yoast SEO plugin v23.9 - https:\/\/yoast.com\/wordpress\/plugins\/seo\/ -->\n<title>Terms of Use - Excellanta<\/title>\n<meta name=\"robots\" content=\"index, follow, max-snippet:-1, max-image-preview:large, max-video-preview:-1\" \/>\n<link rel=\"canonical\" href=\"https:\/\/excellanta.com\/de\/terms-of-use\/\" \/>\n<meta property=\"og:locale\" content=\"de_DE\" \/>\n<meta property=\"og:type\" content=\"article\" \/>\n<meta property=\"og:title\" content=\"Terms of Use - Excellanta\" \/>\n<meta property=\"og:description\" content=\"These terms of use&nbsp; (&#8220;Terms&#8221;) constitute a binding legal agreement between you and Klavix Global Ltd (&#8220;Klavix Global&#8220;), registered address: 2nd Floor College House, 17 King Edwards Road, Ruislip, London, United Kingdom, HA4 7AE, registered number: 16282972, which operates the brand Excellanta, governing your access to and use of the website and its content (&#8220;Content&#8221;) [&hellip;]\" \/>\n<meta property=\"og:url\" content=\"https:\/\/excellanta.com\/de\/terms-of-use\/\" \/>\n<meta property=\"og:site_name\" content=\"Excellanta\" \/>\n<meta property=\"article:modified_time\" content=\"2025-12-18T10:31:58+00:00\" \/>\n<meta name=\"twitter:card\" content=\"summary_large_image\" \/>\n<meta name=\"twitter:label1\" content=\"Gesch\u00e4tzte Lesezeit\" \/>\n\t<meta name=\"twitter:data1\" content=\"9\u00a0Minuten\" \/>\n<script type=\"application\/ld+json\" class=\"yoast-schema-graph\">{\"@context\":\"https:\/\/schema.org\",\"@graph\":[{\"@type\":\"WebPage\",\"@id\":\"https:\/\/excellanta.com\/terms-of-use\/\",\"url\":\"https:\/\/excellanta.com\/terms-of-use\/\",\"name\":\"Terms of Use - Excellanta\",\"isPartOf\":{\"@id\":\"https:\/\/excellanta.com\/#website\"},\"datePublished\":\"2024-11-19T16:36:16+00:00\",\"dateModified\":\"2025-12-18T10:31:58+00:00\",\"breadcrumb\":{\"@id\":\"https:\/\/excellanta.com\/terms-of-use\/#breadcrumb\"},\"inLanguage\":\"de\",\"potentialAction\":[{\"@type\":\"ReadAction\",\"target\":[\"https:\/\/excellanta.com\/terms-of-use\/\"]}]},{\"@type\":\"BreadcrumbList\",\"@id\":\"https:\/\/excellanta.com\/terms-of-use\/#breadcrumb\",\"itemListElement\":[{\"@type\":\"ListItem\",\"position\":1,\"name\":\"Home\",\"item\":\"https:\/\/excellanta.com\/\"},{\"@type\":\"ListItem\",\"position\":2,\"name\":\"Terms of Use\"}]},{\"@type\":\"WebSite\",\"@id\":\"https:\/\/excellanta.com\/#website\",\"url\":\"https:\/\/excellanta.com\/\",\"name\":\"Excellanta\",\"description\":\"\",\"publisher\":{\"@id\":\"https:\/\/excellanta.com\/#organization\"},\"potentialAction\":[{\"@type\":\"SearchAction\",\"target\":{\"@type\":\"EntryPoint\",\"urlTemplate\":\"https:\/\/excellanta.com\/?s={search_term_string}\"},\"query-input\":{\"@type\":\"PropertyValueSpecification\",\"valueRequired\":true,\"valueName\":\"search_term_string\"}}],\"inLanguage\":\"de\"},{\"@type\":\"Organization\",\"@id\":\"https:\/\/excellanta.com\/#organization\",\"name\":\"Excellanta\",\"url\":\"https:\/\/excellanta.com\/\",\"logo\":{\"@type\":\"ImageObject\",\"inLanguage\":\"de\",\"@id\":\"https:\/\/excellanta.com\/#\/schema\/logo\/image\/\",\"url\":\"https:\/\/excellanta.com\/wp-content\/uploads\/2024\/11\/Logo-excellanta-black.svg\",\"contentUrl\":\"https:\/\/excellanta.com\/wp-content\/uploads\/2024\/11\/Logo-excellanta-black.svg\",\"caption\":\"Excellanta\"},\"image\":{\"@id\":\"https:\/\/excellanta.com\/#\/schema\/logo\/image\/\"}}]}<\/script>\n<!-- \/ Yoast SEO plugin. -->","yoast_head_json":{"title":"Terms of Use - Excellanta","robots":{"index":"index","follow":"follow","max-snippet":"max-snippet:-1","max-image-preview":"max-image-preview:large","max-video-preview":"max-video-preview:-1"},"canonical":"https:\/\/excellanta.com\/de\/terms-of-use\/","og_locale":"de_DE","og_type":"article","og_title":"Terms of Use - Excellanta","og_description":"These terms of use&nbsp; (&#8220;Terms&#8221;) constitute a binding legal agreement between you and Klavix Global Ltd (&#8220;Klavix Global&#8220;), registered address: 2nd Floor College House, 17 King Edwards Road, Ruislip, London, United Kingdom, HA4 7AE, registered number: 16282972, which operates the brand Excellanta, governing your access to and use of the website and its content (&#8220;Content&#8221;) [&hellip;]","og_url":"https:\/\/excellanta.com\/de\/terms-of-use\/","og_site_name":"Excellanta","article_modified_time":"2025-12-18T10:31:58+00:00","twitter_card":"summary_large_image","twitter_misc":{"Gesch\u00e4tzte Lesezeit":"9\u00a0Minuten"},"schema":{"@context":"https:\/\/schema.org","@graph":[{"@type":"WebPage","@id":"https:\/\/excellanta.com\/terms-of-use\/","url":"https:\/\/excellanta.com\/terms-of-use\/","name":"Terms of Use - Excellanta","isPartOf":{"@id":"https:\/\/excellanta.com\/#website"},"datePublished":"2024-11-19T16:36:16+00:00","dateModified":"2025-12-18T10:31:58+00:00","breadcrumb":{"@id":"https:\/\/excellanta.com\/terms-of-use\/#breadcrumb"},"inLanguage":"de","potentialAction":[{"@type":"ReadAction","target":["https:\/\/excellanta.com\/terms-of-use\/"]}]},{"@type":"BreadcrumbList","@id":"https:\/\/excellanta.com\/terms-of-use\/#breadcrumb","itemListElement":[{"@type":"ListItem","position":1,"name":"Home","item":"https:\/\/excellanta.com\/"},{"@type":"ListItem","position":2,"name":"Terms of Use"}]},{"@type":"WebSite","@id":"https:\/\/excellanta.com\/#website","url":"https:\/\/excellanta.com\/","name":"Excellanta","description":"","publisher":{"@id":"https:\/\/excellanta.com\/#organization"},"potentialAction":[{"@type":"SearchAction","target":{"@type":"EntryPoint","urlTemplate":"https:\/\/excellanta.com\/?s={search_term_string}"},"query-input":{"@type":"PropertyValueSpecification","valueRequired":true,"valueName":"search_term_string"}}],"inLanguage":"de"},{"@type":"Organization","@id":"https:\/\/excellanta.com\/#organization","name":"Excellanta","url":"https:\/\/excellanta.com\/","logo":{"@type":"ImageObject","inLanguage":"de","@id":"https:\/\/excellanta.com\/#\/schema\/logo\/image\/","url":"https:\/\/excellanta.com\/wp-content\/uploads\/2024\/11\/Logo-excellanta-black.svg","contentUrl":"https:\/\/excellanta.com\/wp-content\/uploads\/2024\/11\/Logo-excellanta-black.svg","caption":"Excellanta"},"image":{"@id":"https:\/\/excellanta.com\/#\/schema\/logo\/image\/"}}]}},"_links":{"self":[{"href":"https:\/\/excellanta.com\/de\/wp-json\/wp\/v2\/pages\/32","targetHints":{"allow":["GET"]}}],"collection":[{"href":"https:\/\/excellanta.com\/de\/wp-json\/wp\/v2\/pages"}],"about":[{"href":"https:\/\/excellanta.com\/de\/wp-json\/wp\/v2\/types\/page"}],"author":[{"embeddable":true,"href":"https:\/\/excellanta.com\/de\/wp-json\/wp\/v2\/users\/1"}],"replies":[{"embeddable":true,"href":"https:\/\/excellanta.com\/de\/wp-json\/wp\/v2\/comments?post=32"}],"version-history":[{"count":13,"href":"https:\/\/excellanta.com\/de\/wp-json\/wp\/v2\/pages\/32\/revisions"}],"predecessor-version":[{"id":350,"href":"https:\/\/excellanta.com\/de\/wp-json\/wp\/v2\/pages\/32\/revisions\/350"}],"wp:attachment":[{"href":"https:\/\/excellanta.com\/de\/wp-json\/wp\/v2\/media?parent=32"}],"curies":[{"name":"wp","href":"https:\/\/api.w.org\/{rel}","templated":true}]}}